 {"id":24,"date":"2022-11-12T11:30:49","date_gmt":"2022-11-12T10:30:49","guid":{"rendered":"http:\/\/hypnosteopathie.com\/index.php\/make-a-great-website-with-specia\/"},"modified":"2022-11-14T13:07:18","modified_gmt":"2022-11-14T12:07:18","slug":"make-a-great-website-with-specia","status":"publish","type":"page","link":"https:\/\/hypnosteopathie.com\/index.php\/make-a-great-website-with-specia\/","title":{"rendered":"Concept Hypnosteopathie &#8230;"},"content":{"rendered":"\n<p class=\"has-text-align-center\"><strong>L\u2019hypnost\u00e9opathie<\/strong>&nbsp;est l\u2019utilisation de deux disciplines compl\u00e9mentaires (<strong>l\u2019ost\u00e9opathie<\/strong>&nbsp;et&nbsp;<strong>l\u2019hypnose<\/strong>) qui cherchent toutes les deux \u00e0 am\u00e9liorer la qualit\u00e9 de vie des patients. Au c\u0153ur d\u2019une m\u00eame s\u00e9ance, le sujet sera trait\u00e9 dans&nbsp;<strong>sa plus grande globalit\u00e9<\/strong>&nbsp;d\u2019un point de vue&nbsp;<strong>physique<\/strong>&nbsp;au travers l\u2019ost\u00e9opathie et d\u2019un point de vue&nbsp;<strong>psychologique<\/strong>&nbsp;\u00e0 travers l\u2019hypnose.<\/p>\n","protected":false},"excerpt":{"rendered":"<p>L\u2019hypnost\u00e9opathie&nbsp;est l\u2019utilisation de deux disciplines compl\u00e9mentaires (l\u2019ost\u00e9opathie&nbsp;et&nbsp;l\u2019hypnose) qui cherchent toutes les deux \u00e0 am\u00e9liorer la qualit\u00e9 de vie des patients. Au c\u0153ur d\u2019une m\u00eame s\u00e9ance, le sujet sera trait\u00e9 dans&nbsp;sa plus grande globalit\u00e9&nbsp;d\u2019un point de vue&nbsp;physique&nbsp;au travers l\u2019ost\u00e9opathie et d\u2019un point de vue&nbsp;psychologique&nbsp;\u00e0 travers l\u2019hypnose.<\/p>\n","protected":false},"author":1,"featured_media":0,"parent":0,"menu_order":0,"comment_status":"closed","ping_status":"closed","template":"templates\/blog-sidebar-left.php","meta":{"footnotes":""},"class_list":["post-24","page","type-page","status-publish","hentry"],"_links":{"self":[{"href":"https:\/\/hypnosteopathie.com\/index.php\/wp-json\/wp\/v2\/pages\/24","targetHints":{"allow":["GET"]}}],"collection":[{"href":"https:\/\/hypnosteopathie.com\/index.php\/wp-json\/wp\/v2\/pages"}],"about":[{"href":"https:\/\/hypnosteopathie.com\/index.php\/wp-json\/wp\/v2\/types\/page"}],"author":[{"embeddable":true,"href":"https:\/\/hypnosteopathie.com\/index.php\/wp-json\/wp\/v2\/users\/1"}],"replies":[{"embeddable":true,"href":"https:\/\/hypnosteopathie.com\/index.php\/wp-json\/wp\/v2\/comments?post=24"}],"version-history":[{"count":10,"href":"https:\/\/hypnosteopathie.com\/index.php\/wp-json\/wp\/v2\/pages\/24\/revisions"}],"predecessor-version":[{"id":105,"href":"https:\/\/hypnosteopathie.com\/index.php\/wp-json\/wp\/v2\/pages\/24\/revisions\/105"}],"wp:attachment":[{"href":"https:\/\/hypnosteopathie.com\/index.php\/wp-json\/wp\/v2\/media?parent=24"}],"curies":[{"name":"wp","href":"https:\/\/api.w.org\/{rel}","templated":true}]}}